{"id":60,"date":"2025-11-17T14:22:35","date_gmt":"2025-11-17T14:22:35","guid":{"rendered":"https:\/\/devicethings.fi\/oulu-ry\/?page_id=60"},"modified":"2025-11-17T14:26:43","modified_gmt":"2025-11-17T14:26:43","slug":"saannot","status":"publish","type":"page","link":"https:\/\/devicethings.fi\/oulu-ry\/saannot\/","title":{"rendered":"S\u00e4\u00e4nn\u00f6t"},"content":{"rendered":"\n<div class=\"wp-block-group alignwide has-global-padding is-layout-constrained wp-block-group-is-layout-constrained\" id=\"saannot\">\n<h1 class=\"wp-block-heading has-text-align-center has-black-color has-text-color has-link-color wp-elements-e103404ea6311e78af4a741f774db0e9\"><strong>Yhdistyksen s\u00e4\u00e4nn\u00f6t<\/strong><\/h1>\n\n\n\n<hr class=\"wp-block-separator has-text-color has-accent-1-color has-alpha-channel-opacity has-accent-1-background-color has-background is-style-default\" style=\"margin-top:var(--wp--preset--spacing--50);margin-bottom:var(--wp--preset--spacing--50)\"\/>\n\n\n\n<div style=\"height:50px\" aria-hidden=\"true\" class=\"wp-block-spacer\"><\/div>\n\n\n\n<div class=\"wp-block-group alignwide has-global-padding is-layout-constrained wp-block-group-is-layout-constrained\">\n<div class=\"wp-block-columns alignwide is-layout-flex wp-container-core-columns-is-layout-14cf5ab5 wp-block-columns-is-layout-flex\">\n<div class=\"wp-block-column is-layout-flow wp-block-column-is-layout-flow\">\n<h3 class=\"wp-block-heading\">1. Yhdistyksen nimi ja kotipaikka<\/h3>\n\n\n\n<p>Yhdistyksen nimi on <strong>Devices and Things Oulu<\/strong> ja sen kotipaikka on Oulun kaupunki.<\/p>\n\n\n\n<h3 class=\"wp-block-heading\">2. Tarkoitus ja toiminnan laatu<\/h3>\n\n\n\n<p>Yhdistyksen tarkoituksena on:<\/p>\n\n\n\n<ul class=\"wp-block-list\">\n<li>Edist\u00e4\u00e4 mikroelektroniikan ja ICT:n tutkimus- ja kehitysedellytyksi\u00e4 Oulun alueella ja kansallisesti.<\/li>\n\n\n\n<li>Lis\u00e4t\u00e4 ja kehitt\u00e4\u00e4 yhteisty\u00f6t\u00e4 ja verkostoitumista alan toimijoiden kesken.<\/li>\n\n\n\n<li>Yhdist\u00e4\u00e4 toimijoiden n\u00e4kemyksi\u00e4 ja rakentaa suotuisat olosuhteet alan TKI-kehitykseen.<\/li>\n\n\n\n<li>Vaikuttaa paikallisesti, kansallisesti ja kansainv\u00e4lisesti alan kehitykseen verkostojen ja vaikuttavuusty\u00f6n avulla.<\/li>\n<\/ul>\n\n\n\n<p>Tarkoituksensa toteuttamiseksi yhdistys:<\/p>\n\n\n\n<ul class=\"wp-block-list\">\n<li>Jakaa tietoa alan mahdollisuuksista ja hy\u00f6dyist\u00e4.<\/li>\n\n\n\n<li>Edist\u00e4\u00e4 uusien hankkeiden, kumppanuuksien ja suotuisan TKI-ymp\u00e4rist\u00f6n rakentamista osallistumalla suunnitteluun yhteisty\u00f6ss\u00e4 muiden toimijoiden kanssa.<\/li>\n\n\n\n<li>J\u00e4rjest\u00e4\u00e4 tapahtumia ja yhteis\u00f6llist\u00e4 toimintaa alan edist\u00e4miseksi.<\/li>\n\n\n\n<li>Harjoittaa tiedotus- ja julkaisutoimintaa.<\/li>\n\n\n\n<li>J\u00e4rjest\u00e4\u00e4 keskustelu- ja koulutustilaisuuksia.<\/li>\n\n\n\n<li>J\u00e4rjest\u00e4\u00e4 muuta vastaavaa tarkoitustaan edist\u00e4v\u00e4\u00e4, voittoa tavoittelematonta toimintaa.<\/li>\n<\/ul>\n\n\n\n<p>Toimintansa tukemiseksi yhdistys voi:<\/p>\n\n\n\n<ul class=\"wp-block-list\">\n<li>Ottaa vastaan avustuksia, lahjoituksia ja testamentteja<\/li>\n\n\n\n<li>Omistaa toimintaansa varten tarpeellista kiinte\u00e4\u00e4 ja irtainta omaisuutta<\/li>\n\n\n\n<li>J\u00e4rjest\u00e4\u00e4 luvan saatuaan rahanker\u00e4yksi\u00e4 ja arpajaisia sek\u00e4<\/li>\n\n\n\n<li>Harjoittaa sellaista elinkeinoa tai ansiotoimintaa, joka muutoin v\u00e4litt\u00f6m\u00e4sti liittyy yhdistyksen tarkoituksen toteuttamiseen tai jota on pidett\u00e4v\u00e4 taloudellisesti v\u00e4h\u00e4arvoisena.<\/li>\n<\/ul>\n\n\n\n<h3 class=\"wp-block-heading\">3. J\u00e4senet<\/h3>\n\n\n\n<p>Yhdistykseen j\u00e4seneksi voi liitty\u00e4 kutsusta, ja hyv\u00e4ksytty\u00e4\u00e4n yhdistyksen tarkoituksen ja s\u00e4\u00e4nn\u00f6t.<\/p>\n\n\n\n<p>J\u00e4senet hyv\u00e4ksyy hakemuksesta yhdistyksen hallitus.<\/p>\n\n\n\n<h3 class=\"wp-block-heading\">4. J\u00e4senen eroaminen ja erottaminen<\/h3>\n\n\n\n<p>J\u00e4senell\u00e4 on oikeus erota yhdistyksest\u00e4 ilmoittamalla siit\u00e4 kirjallisesti hallitukselle tai sen puheenjohtajalle taikka ilmoittamalla erosta yhdistyksen kokouksessa merkitt\u00e4v\u00e4ksi p\u00f6yt\u00e4kirjaan.<\/p>\n\n\n\n<p>Hallitus voi erottaa j\u00e4senen yhdistyksest\u00e4, jos j\u00e4sen on j\u00e4tt\u00e4nyt er\u00e4\u00e4ntyneen j\u00e4senmaksunsa maksamatta tai muuten j\u00e4tt\u00e4nyt t\u00e4ytt\u00e4m\u00e4tt\u00e4 ne velvoitukset, joihin h\u00e4n on yhdistykseen liittym\u00e4ll\u00e4 sitoutunut tai on menettelyll\u00e4\u00e4n yhdistyksess\u00e4 tai sen ulkopuolella huomattavasti vahingoittanut yhdistyst\u00e4 tai ei en\u00e4\u00e4 t\u00e4yt\u00e4 laissa taikka yhdistyksen s\u00e4\u00e4nn\u00f6iss\u00e4 mainittuja j\u00e4senyyden ehtoja.<\/p>\n\n\n\n<p>J\u00e4senyyden ehtona on toimiva s\u00e4hk\u00f6postisoite.<\/p>\n\n\n\n<h3 class=\"wp-block-heading\">5. Liittymis- ja j\u00e4senmaksu<\/h3>\n\n\n\n<p>J\u00e4senilt\u00e4 peritt\u00e4v\u00e4n liittymismaksun ja vuotuisen j\u00e4senmaksun suuruudesta p\u00e4\u00e4tt\u00e4\u00e4 vuosikokous.<\/p>\n\n\n\n<h3 class=\"wp-block-heading\">6. Hallitus<\/h3>\n\n\n\n<p>Yhdistyksen asioita hoitaa hallitus, johon kuuluu vuosikokouksessa valitut puheenjohtaja ja 2-4 muuta varsinaista j\u00e4sent\u00e4 sek\u00e4 0-4 varaj\u00e4sent\u00e4. Hallituksen j\u00e4senet mukaan lukien puheenjohtaja voivat olla my\u00f6s yhdistyksen ulkopuolisia henkil\u00f6it\u00e4.<\/p>\n\n\n\n<p>Hallituksen toimikausi on kalenterivuosi.<\/p>\n\n\n\n<p>Hallitus valitsee keskuudestaan varapuheenjohtajan sek\u00e4 ottaa keskuudestaan tai ulkopuoleltaan sihteerin, rahastonhoitajan ja muut tarvittavat toimihenkil\u00f6t. Hallitus kokoontuu puheenjohtajan tai h\u00e4nen estyneen\u00e4 ollessaan varapuheenjohtajan kutsusta, kun he katsovat siihen olevan aihetta tai kun v\u00e4hint\u00e4\u00e4n puolet hallituksen j\u00e4senist\u00e4 sit\u00e4 vaatii.<\/p>\n\n\n\n<p>Hallitus on p\u00e4\u00e4t\u00f6svaltainen, kun v\u00e4hint\u00e4\u00e4n puolet sen j\u00e4senist\u00e4, puheenjohtaja tai varapuheenjohtaja mukaanluettuna on l\u00e4sn\u00e4. \u00c4\u00e4nestykset ratkaistaan yksinkertaisella \u00e4\u00e4nten enemmist\u00f6ll\u00e4. \u00c4\u00e4nten menness\u00e4 tasan ratkaisee puheenjohtajan \u00e4\u00e4ni, vaaleissa kuitenkin arpa.<\/p>\n<\/div>\n\n\n\n<div class=\"wp-block-column is-layout-flow wp-block-column-is-layout-flow\">\n<h3 class=\"wp-block-heading\">7. Yhdistyksen nimen kirjoittaminen<\/h3>\n\n\n\n<p>Yhdistyksen nimen kirjoittaa hallituksen puheenjohtaja, varapuheenjohtaja, sihteeri tai rahastonhoitaja, kaksi yhdess\u00e4.<\/p>\n\n\n\n<h3 class=\"wp-block-heading\">8. Tilikausi ja tilintarkastus<\/h3>\n\n\n\n<p>Yhdistyksen tilikausi on kalenterivuosi.<\/p>\n\n\n\n<p>Tilinp\u00e4\u00e4t\u00f6s tarvittavine asiakirjoineen ja hallituksen vuosikertomus on annettava tilintarkastajille viimeist\u00e4\u00e4n kolme viikkoa ennen vuosikokousta. Tilintarkastajien tulee antaa kirjallinen lausuntonsa viimeist\u00e4\u00e4n kaksi viikkoa ennen vuosikokousta hallitukselle.<\/p>\n\n\n\n<h3 class=\"wp-block-heading\">9. Yhdistyksen kokoukset<\/h3>\n\n\n\n<p>Yhdistyksen vuosikokous pidet\u00e4\u00e4n vuosittain hallituksen m\u00e4\u00e4r\u00e4\u00e4m\u00e4n\u00e4 p\u00e4iv\u00e4n\u00e4 tammi-toukokuussa.<\/p>\n\n\n\n<p>Ylim\u00e4\u00e4r\u00e4inen kokous pidet\u00e4\u00e4n, kun yhdistyksen kokous niin p\u00e4\u00e4tt\u00e4\u00e4 tai kun hallitus katsoo siihen olevan aihetta tai kun v\u00e4hint\u00e4\u00e4n kaksikymmenesosaa (2\/10) yhdistyksen \u00e4\u00e4nioikeutetuista j\u00e4senist\u00e4 sit\u00e4 hallitukselta erityisesti ilmoitettua asiaa varten kirjallisesti vaatii. Kokous on pidett\u00e4v\u00e4 kolmenkymmenen vuorokauden kuluessa siit\u00e4, kun vaatimus sen pit\u00e4misest\u00e4 on esitetty hallitukselle.<\/p>\n\n\n\n<p>Yhdistyksen kokouksissa on jokaisella j\u00e4senell\u00e4 yksi \u00e4\u00e4ni.<\/p>\n\n\n\n<p>Yhdistyksen kokouksen p\u00e4\u00e4t\u00f6kseksi tulee, ellei s\u00e4\u00e4nn\u00f6iss\u00e4 ole toisin m\u00e4\u00e4r\u00e4tty, se mielipide, jota on kannattanut yli puolet annetuista \u00e4\u00e4nist\u00e4. \u00c4\u00e4nten menness\u00e4 tasan ratkaisee kokouksen puheenjohtajan \u00e4\u00e4ni, vaaleissa kuitenkin arpa.<\/p>\n\n\n\n<h3 class=\"wp-block-heading\">10. Yhdistyksen kokousten koollekutsuminen<\/h3>\n\n\n\n<p>Hallituksen on kutsuttava yhdistyksen kokoukset koolle v\u00e4hint\u00e4\u00e4n seitsem\u00e4n vuorokautta ennen kokousta j\u00e4senist\u00f6lle s\u00e4hk\u00f6postitse toimitettavalla kutsulla.<\/p>\n\n\n\n<h3 class=\"wp-block-heading\">11. Vuosikokous<\/h3>\n\n\n\n<p>Yhdistyksen vuosikokouksessa k\u00e4sitell\u00e4\u00e4n seuraavat asiat:<\/p>\n\n\n\n<ol class=\"wp-block-list\">\n<li>kokouksen avaus<\/li>\n\n\n\n<li>valitaan kokouksen puheenjohtaja, sihteeri, kaksi p\u00f6yt\u00e4kirjantarkastajaa ja tarvittaessa kaksi \u00e4\u00e4ntenlaskijaa<\/li>\n\n\n\n<li>todetaan kokouksen laillisuus ja p\u00e4\u00e4t\u00f6svaltaisuus<\/li>\n\n\n\n<li>hyv\u00e4ksyt\u00e4\u00e4n kokouksen ty\u00f6j\u00e4rjestys<\/li>\n\n\n\n<li>esitet\u00e4\u00e4n tilinp\u00e4\u00e4t\u00f6s, vuosikertomus ja tilintarkastajien lausunto<\/li>\n\n\n\n<li>p\u00e4\u00e4tet\u00e4\u00e4n tilinp\u00e4\u00e4t\u00f6ksen vahvistamisesta ja vastuuvapauden my\u00f6nt\u00e4misest\u00e4 hallitukselle ja muille vastuuvelvollisille<\/li>\n\n\n\n<li>vahvistetaan toimintasuunnitelma, tulo- ja menoarvio sek\u00e4 liittymis- ja j\u00e4senmaksun suuruus valitaan hallituksen puheenjohtaja ja muut j\u00e4senet<\/li>\n\n\n\n<li>valitaan yksi tai kaksi tilintarkastajaa ja heille varatilintarkastajat<\/li>\n\n\n\n<li>k\u00e4sitell\u00e4\u00e4n muut kokouskutsussa mainitut asiat.<\/li>\n<\/ol>\n\n\n\n<p>Mik\u00e4li yhdistyksen j\u00e4sen haluaa saada jonkin asian yhdistyksen vuosikokouksen k\u00e4sitelt\u00e4v\u00e4ksi, on h\u00e4nen ilmoitettava siit\u00e4 kirjallisesti hallitukselle niin hyviss\u00e4 ajoin, ett\u00e4 asia voidaan sis\u00e4llytt\u00e4\u00e4 kokouskutsuun.<\/p>\n\n\n\n<h3 class=\"wp-block-heading\">12. S\u00e4\u00e4nt\u00f6jen muuttaminen ja yhdistyksen purkaminen<\/h3>\n\n\n\n<p>P\u00e4\u00e4t\u00f6s s\u00e4\u00e4nt\u00f6jen muuttamisesta ja yhdistyksen purkamisesta on teht\u00e4v\u00e4 yhdistyksen kokouksessa v\u00e4hint\u00e4\u00e4n kolmen nelj\u00e4sosan (3\/4) enemmist\u00f6ll\u00e4 annetuista \u00e4\u00e4nist\u00e4. Kokouskutsussa on mainittava s\u00e4\u00e4nt\u00f6jen muuttamisesta tai yhdistyksen purkamisesta. <\/p>\n\n\n\n<p>Yhdistyksen purkautuessa k\u00e4ytet\u00e4\u00e4n yhdistyksen varat yhdistyksen tarkoituksen edist\u00e4miseen purkamisesta p\u00e4\u00e4tt\u00e4v\u00e4n kokouksen m\u00e4\u00e4r\u00e4\u00e4m\u00e4ll\u00e4 tavalla. Yhdistyksen tullessa lakkautetuksi k\u00e4ytet\u00e4\u00e4n sen varat samaan tarkoitukseen.<\/p>\n<\/div>\n<\/div>\n<\/div>\n<\/div>\n\n\n\n<div style=\"height:100px\" aria-hidden=\"true\" class=\"wp-block-spacer\"><\/div>\n","protected":false},"excerpt":{"rendered":"","protected":false},"author":1,"featured_media":0,"parent":0,"menu_order":0,"comment_status":"closed","ping_status":"closed","template":"","meta":{"inline_featured_image":false,"footnotes":""},"class_list":["post-60","page","type-page","status-publish","hentry"],"_links":{"self":[{"href":"https:\/\/devicethings.fi\/oulu-ry\/wp-json\/wp\/v2\/pages\/60","targetHints":{"allow":["GET"]}}],"collection":[{"href":"https:\/\/devicethings.fi\/oulu-ry\/wp-json\/wp\/v2\/pages"}],"about":[{"href":"https:\/\/devicethings.fi\/oulu-ry\/wp-json\/wp\/v2\/types\/page"}],"author":[{"embeddable":true,"href":"https:\/\/devicethings.fi\/oulu-ry\/wp-json\/wp\/v2\/users\/1"}],"replies":[{"embeddable":true,"href":"https:\/\/devicethings.fi\/oulu-ry\/wp-json\/wp\/v2\/comments?post=60"}],"version-history":[{"count":1,"href":"https:\/\/devicethings.fi\/oulu-ry\/wp-json\/wp\/v2\/pages\/60\/revisions"}],"predecessor-version":[{"id":62,"href":"https:\/\/devicethings.fi\/oulu-ry\/wp-json\/wp\/v2\/pages\/60\/revisions\/62"}],"wp:attachment":[{"href":"https:\/\/devicethings.fi\/oulu-ry\/wp-json\/wp\/v2\/media?parent=60"}],"curies":[{"name":"wp","href":"https:\/\/api.w.org\/{rel}","templated":true}]}}