{"id":9,"date":"2025-11-17T12:11:04","date_gmt":"2025-11-17T12:11:04","guid":{"rendered":"https:\/\/devicethings.fi\/oulu-ry\/?page_id=9"},"modified":"2026-03-04T14:54:49","modified_gmt":"2026-03-04T14:54:49","slug":"main-page","status":"publish","type":"page","link":"https:\/\/devicethings.fi\/oulu-ry\/","title":{"rendered":"Devices and Things Oulu ry"},"content":{"rendered":"\n<div class=\"wp-block-group alignfull has-palette-color-7-background-color has-background has-global-padding is-layout-constrained wp-block-group-is-layout-constrained\" style=\"margin-bottom:0;padding-top:var(--wp--preset--spacing--70);padding-bottom:var(--wp--preset--spacing--70)\">\n<div class=\"wp-block-stackable-columns alignwide stk-block-columns stk-block stk-293854b\" id=\"yhdistys\" data-block-id=\"293854b\"><style>.stk-293854b {margin-bottom:0px !important;}.stk-293854b-column{--stk-column-gap:100px !important;row-gap:120px !important;}<\/style><div class=\"stk-row stk-inner-blocks stk-block-content stk-content-align stk-293854b-column alignwide\">\n<div class=\"wp-block-stackable-column stk-block-column stk-column stk-block stk-c11d750\" data-v=\"4\" data-block-id=\"c11d750\"><style>.stk-c11d750-container{margin-top:0px !important;margin-right:0px !important;margin-bottom:0px !important;margin-left:0px !important;}@media screen and (min-width: 768px){.stk-c11d750 {flex:var(--stk-flex-grow, 1) 1 calc(50% - var(--stk-column-gap, 0px) * 1 \/ 2 ) !important;}}@media screen and (min-width: 768px) and (max-width: 1023px){.stk-c11d750 {flex:var(--stk-flex-grow, 1) 1 calc(100% - var(--stk-column-gap, 0px) * 0 \/ 1 ) !important;}}<\/style><div class=\"stk-column-wrapper stk-block-column__content stk-container stk-c11d750-container stk--no-background stk--no-padding\"><div class=\"stk-block-content stk-inner-blocks stk-c11d750-inner-blocks\">\n<div class=\"wp-block-stackable-image stk-block-image stk-block stk-72a3f00\" data-block-id=\"72a3f00\"><style>.stk-72a3f00 {border-top-left-radius:10px !important;border-top-right-radius:10px !important;border-bottom-right-radius:10px !important;border-bottom-left-radius:10px !important;overflow:hidden !important;border-style:solid !important;border-top-width:0px !important;border-right-width:0px !important;border-bottom-width:0px !important;border-left-width:0px !important;}.stk-72a3f00 .stk-img-wrapper{aspect-ratio:1\/1 !important;height:auto !important;--stk-gradient-overlay:0.3 !important;}@media screen and (max-width: 1023px){.stk-72a3f00 .stk-img-wrapper{height:500px !important;}}@media screen and (max-width: 767px){.stk-72a3f00 .stk-img-wrapper{height:auto !important;}}<\/style><figure><span class=\"stk-img-wrapper stk-image--shape-stretch\"><img loading=\"lazy\" decoding=\"async\" class=\"stk-img wp-image-23\" src=\"https:\/\/devicethings.fi\/oulu-ry\/wp-content\/uploads\/2025\/11\/MIC_0232_HiRes.jpg\" width=\"1619\" height=\"1080\" srcset=\"https:\/\/devicethings.fi\/oulu-ry\/wp-content\/uploads\/2025\/11\/MIC_0232_HiRes.jpg 1619w, https:\/\/devicethings.fi\/oulu-ry\/wp-content\/uploads\/2025\/11\/MIC_0232_HiRes-300x200.jpg 300w, https:\/\/devicethings.fi\/oulu-ry\/wp-content\/uploads\/2025\/11\/MIC_0232_HiRes-1024x683.jpg 1024w, https:\/\/devicethings.fi\/oulu-ry\/wp-content\/uploads\/2025\/11\/MIC_0232_HiRes-768x512.jpg 768w, https:\/\/devicethings.fi\/oulu-ry\/wp-content\/uploads\/2025\/11\/MIC_0232_HiRes-1536x1025.jpg 1536w\" sizes=\"auto, (max-width: 1619px) 100vw, 1619px\" \/><\/span><\/figure><\/div>\n<\/div><\/div><\/div>\n\n\n\n<div class=\"wp-block-stackable-column stk-block-column stk-column stk-block stk-2264616\" data-v=\"4\" data-block-id=\"2264616\"><style>.stk-2264616-container{margin-top:0px !important;margin-right:0px !important;margin-bottom:0px !important;margin-left:0px !important;}.stk-2264616 {align-self:center !important;}@media screen and (min-width: 768px){.stk-2264616 {flex:var(--stk-flex-grow, 1) 1 calc(50% - var(--stk-column-gap, 0px) * 1 \/ 2 ) !important;}}@media screen and (min-width: 768px) and (max-width: 1023px){.stk-2264616 {flex:var(--stk-flex-grow, 1) 1 calc(100% - var(--stk-column-gap, 0px) * 0 \/ 1 ) !important;}}<\/style><div class=\"stk-column-wrapper stk-block-column__content stk-container stk-2264616-container stk--no-background stk--no-padding\"><div class=\"stk-block-content stk-inner-blocks stk-2264616-inner-blocks\">\n<div class=\"wp-block-stackable-heading stk-block-heading stk-block-heading--v2 stk-block stk-a353d24\" id=\"devices-and-things-oulu-ry\" data-block-id=\"a353d24\"><style>.stk-a353d24 {margin-bottom:40px !important;}.stk-a353d24 .stk-block-heading__text{font-size:37px !important;color:#000000 !important;}@media screen and (max-width: 1023px){.stk-a353d24 .stk-block-heading__text{font-size:30px !important;}}<\/style><h1 class=\"stk-block-heading__text has-text-color has-text-align-center-tablet\">Devices and Things Oulu ry <\/h1><\/div>\n\n\n\n<div class=\"wp-block-stackable-columns stk-block-columns stk-block stk-3c15120\" data-block-id=\"3c15120\"><style>.stk-3c15120 .stk--block-align-3c15120{align-items:center !important;}.stk-3c15120 {margin-bottom:40px !important;}.stk-3c15120-column{row-gap:20px !important;}@media screen and (max-width: 1023px){.stk-3c15120 {margin-bottom:50px !important;}}<\/style><div class=\"stk-row stk-inner-blocks stk--block-align-3c15120 stk-block-content stk-content-align stk-3c15120-column\">\n<div class=\"wp-block-stackable-column stk-block-column stk-column stk-block stk-b7ab13b\" data-v=\"4\" data-block-id=\"b7ab13b\"><style>.stk-b7ab13b-container{margin-top:0px !important;margin-right:0px !important;margin-bottom:0px !important;margin-left:0px !important;}@media screen and (min-width: 768px){.stk-b7ab13b {flex:var(--stk-flex-grow, 1) 1 calc(15% - var(--stk-column-gap, 0px) * 1 \/ 2 ) !important;}}@media screen and (min-width: 768px) and (max-width: 1023px){.stk-b7ab13b {flex:var(--stk-flex-grow, 1) 1 calc(100% - var(--stk-column-gap, 0px) * 0 \/ 1 ) !important;}}<\/style><div class=\"stk-column-wrapper stk-block-column__content stk-container stk-b7ab13b-container stk--no-background stk--no-padding\"><div class=\"stk-block-content stk-inner-blocks stk-b7ab13b-inner-blocks\">\n<div class=\"wp-block-stackable-icon stk-block-icon has-text-align-center-tablet stk-block stk-cd9d3e6\" data-block-id=\"cd9d3e6\"><style>.stk-cd9d3e6 .stk--svg-wrapper .stk--inner-svg svg:last-child{height:20px !important;width:20px !important;}.stk-cd9d3e6 .stk--svg-wrapper .stk--inner-svg{background-color:var(--theme-palette-color-1, #224DB7) !important;border-radius:100% !important;padding:15px !important;}<\/style><span class=\"stk--svg-wrapper\"><div class=\"stk--inner-svg\"><svg style=\"height:0;width:0\"><defs><linearGradient id=\"linear-gradient-cd9d3e6\" x1=\"0\" x2=\"100%\" y1=\"0\" y2=\"0\"><stop offset=\"0%\" style=\"stop-opacity:1;stop-color:var(--linear-gradient-cd-9-d-3-e-6-color-1)\"><\/stop><stop offset=\"100%\" style=\"stop-opacity:1;stop-color:var(--linear-gradient-cd-9-d-3-e-6-color-2)\"><\/stop><\/linearGradient><\/defs><\/svg><svg class=\"ugb-custom-icon\" xmlns=\"http:\/\/www.w3.org\/2000\/svg\" viewBox=\"0 0 20 20\" style=\"enable-background:new 0 0 20 20\" xml:space=\"preserve\" aria-hidden=\"true\" width=\"32\" height=\"32\"><path d=\"M19.2 5.3c-.4-.4-1-.4-1.4 0L7.5 15.6l-4.3-4.3c-.2-.2-.4-.3-.7-.3-.3 0-.5.1-.7.3-.4.4-.4 1 0 1.4l5 5c.1.1.2.2.3.2.1.1.3.1.4.1.1 0 .3 0 .4-.1.1-.1.2-.1.3-.2l11-11c.4-.4.4-1 0-1.4z\" style=\"fill:#fff\"\/><\/svg><\/div><\/span><\/div>\n<\/div><\/div><\/div>\n\n\n\n<div class=\"wp-block-stackable-column stk-block-column stk-column stk-block stk-494f530\" data-v=\"4\" data-block-id=\"494f530\"><style>.stk-494f530-container{margin-top:0px !important;margin-right:0px !important;margin-bottom:0px !important;margin-left:0px !important;}@media screen and (min-width: 768px){.stk-494f530 {flex:var(--stk-flex-grow, 1) 1 calc(85% - var(--stk-column-gap, 0px) * 1 \/ 2 ) !important;}}@media screen and (min-width: 768px) and (max-width: 1023px){.stk-494f530 {flex:var(--stk-flex-grow, 1) 1 calc(100% - var(--stk-column-gap, 0px) * 0 \/ 1 ) !important;}}<\/style><div class=\"stk-column-wrapper stk-block-column__content stk-container stk-494f530-container stk--no-background stk--no-padding\"><div class=\"stk-block-content stk-inner-blocks stk-494f530-inner-blocks\">\n<div class=\"wp-block-stackable-text stk-block-text stk-block stk-69a77ae\" data-block-id=\"69a77ae\"><style>.stk-69a77ae .stk-block-text__text{font-size:22px !important;color:#000000 !important;font-weight:600 !important;}@media screen and (max-width: 1023px){.stk-69a77ae .stk-block-text__text{font-size:22px !important;}}<\/style><p class=\"stk-block-text__text has-text-color has-text-align-center-tablet\">Edist\u00e4\u00e4 mikroelektroniikan ja ICT-alan tutkimus- ja tuotekehitysedellytyksi\u00e4 Oulun alueella ja kansallisesti.<\/p><\/div>\n<\/div><\/div><\/div>\n<\/div><\/div>\n\n\n\n<div class=\"wp-block-stackable-columns stk-block-columns stk-block stk-9264d9b\" data-block-id=\"9264d9b\"><style>.stk-9264d9b .stk--block-align-9264d9b{align-items:center !important;}.stk-9264d9b {margin-bottom:40px !important;}.stk-9264d9b-column{row-gap:20px !important;}@media screen and (max-width: 1023px){.stk-9264d9b {margin-bottom:50px !important;}}<\/style><div class=\"stk-row stk-inner-blocks stk--block-align-9264d9b stk-block-content stk-content-align stk-9264d9b-column\">\n<div class=\"wp-block-stackable-column stk-block-column stk-column stk-block stk-bb79b26\" data-v=\"4\" data-block-id=\"bb79b26\"><style>.stk-bb79b26-container{margin-top:0px !important;margin-right:0px !important;margin-bottom:0px !important;margin-left:0px !important;}@media screen and (min-width: 768px){.stk-bb79b26 {flex:var(--stk-flex-grow, 1) 1 calc(15% - var(--stk-column-gap, 0px) * 1 \/ 2 ) !important;}}@media screen and (min-width: 768px) and (max-width: 1023px){.stk-bb79b26 {flex:var(--stk-flex-grow, 1) 1 calc(100% - var(--stk-column-gap, 0px) * 0 \/ 1 ) !important;}}<\/style><div class=\"stk-column-wrapper stk-block-column__content stk-container stk-bb79b26-container stk--no-background stk--no-padding\"><div class=\"stk-block-content stk-inner-blocks stk-bb79b26-inner-blocks\">\n<div class=\"wp-block-stackable-icon stk-block-icon has-text-align-center-tablet stk-block stk-c21ae50\" data-block-id=\"c21ae50\"><style>.stk-c21ae50 .stk--svg-wrapper .stk--inner-svg svg:last-child{height:20px !important;width:20px !important;}.stk-c21ae50 .stk--svg-wrapper .stk--inner-svg{background-color:var(--theme-palette-color-1, #224DB7) !important;border-radius:100% !important;padding:15px !important;}<\/style><span class=\"stk--svg-wrapper\"><div class=\"stk--inner-svg\"><svg style=\"height:0;width:0\"><defs><linearGradient id=\"linear-gradient-c21ae50\" x1=\"0\" x2=\"100%\" y1=\"0\" y2=\"0\"><stop offset=\"0%\" style=\"stop-opacity:1;stop-color:var(--linear-gradient-c-21-ae-50-color-1)\"><\/stop><stop offset=\"100%\" style=\"stop-opacity:1;stop-color:var(--linear-gradient-c-21-ae-50-color-2)\"><\/stop><\/linearGradient><\/defs><\/svg><svg class=\"ugb-custom-icon\" xmlns=\"http:\/\/www.w3.org\/2000\/svg\" viewBox=\"0 0 20 20\" style=\"enable-background:new 0 0 20 20\" xml:space=\"preserve\" aria-hidden=\"true\" width=\"32\" height=\"32\"><path d=\"M19.2 5.3c-.4-.4-1-.4-1.4 0L7.5 15.6l-4.3-4.3c-.2-.2-.4-.3-.7-.3-.3 0-.5.1-.7.3-.4.4-.4 1 0 1.4l5 5c.1.1.2.2.3.2.1.1.3.1.4.1.1 0 .3 0 .4-.1.1-.1.2-.1.3-.2l11-11c.4-.4.4-1 0-1.4z\" style=\"fill:#fff\"\/><\/svg><\/div><\/span><\/div>\n<\/div><\/div><\/div>\n\n\n\n<div class=\"wp-block-stackable-column stk-block-column stk-column stk-block stk-cd1cc8f\" data-v=\"4\" data-block-id=\"cd1cc8f\"><style>.stk-cd1cc8f-container{margin-top:0px !important;margin-right:0px !important;margin-bottom:0px !important;margin-left:0px !important;}@media screen and (min-width: 768px){.stk-cd1cc8f {flex:var(--stk-flex-grow, 1) 1 calc(85% - var(--stk-column-gap, 0px) * 1 \/ 2 ) !important;}}@media screen and (min-width: 768px) and (max-width: 1023px){.stk-cd1cc8f {flex:var(--stk-flex-grow, 1) 1 calc(100% - var(--stk-column-gap, 0px) * 0 \/ 1 ) !important;}}<\/style><div class=\"stk-column-wrapper stk-block-column__content stk-container stk-cd1cc8f-container stk--no-background stk--no-padding\"><div class=\"stk-block-content stk-inner-blocks stk-cd1cc8f-inner-blocks\">\n<div class=\"wp-block-stackable-text stk-block-text stk-block stk-e880dea\" data-block-id=\"e880dea\"><style>.stk-e880dea .stk-block-text__text{font-size:22px !important;color:#000000 !important;font-weight:600 !important;}@media screen and (max-width: 1023px){.stk-e880dea .stk-block-text__text{font-size:22px !important;}}<\/style><p class=\"stk-block-text__text has-text-color has-text-align-center-tablet\">Tukee alueen toimijoiden yhteisi\u00e4 hankkeita.<\/p><\/div>\n<\/div><\/div><\/div>\n<\/div><\/div>\n\n\n\n<div class=\"wp-block-stackable-columns stk-block-columns stk-block stk-f40ea7e\" data-block-id=\"f40ea7e\"><style>.stk-f40ea7e .stk--block-align-f40ea7e{align-items:center !important;}.stk-f40ea7e {margin-bottom:40px !important;}.stk-f40ea7e-column{row-gap:20px !important;}@media screen and (max-width: 1023px){.stk-f40ea7e {margin-bottom:50px !important;}}<\/style><div class=\"stk-row stk-inner-blocks stk--block-align-f40ea7e stk-block-content stk-content-align stk-f40ea7e-column\">\n<div class=\"wp-block-stackable-column stk-block-column stk-column stk-block stk-341dcc2\" data-v=\"4\" data-block-id=\"341dcc2\"><style>.stk-341dcc2-container{margin-top:0px !important;margin-right:0px !important;margin-bottom:0px !important;margin-left:0px !important;}@media screen and (min-width: 768px){.stk-341dcc2 {flex:var(--stk-flex-grow, 1) 1 calc(15% - var(--stk-column-gap, 0px) * 1 \/ 2 ) !important;}}@media screen and (min-width: 768px) and (max-width: 1023px){.stk-341dcc2 {flex:var(--stk-flex-grow, 1) 1 calc(100% - var(--stk-column-gap, 0px) * 0 \/ 1 ) !important;}}<\/style><div class=\"stk-column-wrapper stk-block-column__content stk-container stk-341dcc2-container stk--no-background stk--no-padding\"><div class=\"stk-block-content stk-inner-blocks stk-341dcc2-inner-blocks\">\n<div class=\"wp-block-stackable-icon stk-block-icon has-text-align-center-tablet stk-block stk-369baf1\" data-block-id=\"369baf1\"><style>.stk-369baf1 .stk--svg-wrapper .stk--inner-svg svg:last-child{height:20px !important;width:20px !important;}.stk-369baf1 .stk--svg-wrapper .stk--inner-svg{background-color:var(--theme-palette-color-1, #224DB7) !important;border-radius:100% !important;padding:15px !important;}<\/style><span class=\"stk--svg-wrapper\"><div class=\"stk--inner-svg\"><svg style=\"height:0;width:0\"><defs><linearGradient id=\"linear-gradient-369baf1\" x1=\"0\" x2=\"100%\" y1=\"0\" y2=\"0\"><stop offset=\"0%\" style=\"stop-opacity:1;stop-color:var(--linear-gradient-369-baf-1-color-1)\"><\/stop><stop offset=\"100%\" style=\"stop-opacity:1;stop-color:var(--linear-gradient-369-baf-1-color-2)\"><\/stop><\/linearGradient><\/defs><\/svg><svg class=\"ugb-custom-icon\" xmlns=\"http:\/\/www.w3.org\/2000\/svg\" viewBox=\"0 0 20 20\" style=\"enable-background:new 0 0 20 20\" xml:space=\"preserve\" aria-hidden=\"true\" width=\"32\" height=\"32\"><path d=\"M19.2 5.3c-.4-.4-1-.4-1.4 0L7.5 15.6l-4.3-4.3c-.2-.2-.4-.3-.7-.3-.3 0-.5.1-.7.3-.4.4-.4 1 0 1.4l5 5c.1.1.2.2.3.2.1.1.3.1.4.1.1 0 .3 0 .4-.1.1-.1.2-.1.3-.2l11-11c.4-.4.4-1 0-1.4z\" style=\"fill:#fff\"\/><\/svg><\/div><\/span><\/div>\n<\/div><\/div><\/div>\n\n\n\n<div class=\"wp-block-stackable-column stk-block-column stk-column stk-block stk-d1682c4\" data-v=\"4\" data-block-id=\"d1682c4\"><style>.stk-d1682c4-container{margin-top:0px !important;margin-right:0px !important;margin-bottom:0px !important;margin-left:0px !important;}@media screen and (min-width: 768px){.stk-d1682c4 {flex:var(--stk-flex-grow, 1) 1 calc(85% - var(--stk-column-gap, 0px) * 1 \/ 2 ) !important;}}@media screen and (min-width: 768px) and (max-width: 1023px){.stk-d1682c4 {flex:var(--stk-flex-grow, 1) 1 calc(100% - var(--stk-column-gap, 0px) * 0 \/ 1 ) !important;}}<\/style><div class=\"stk-column-wrapper stk-block-column__content stk-container stk-d1682c4-container stk--no-background stk--no-padding\"><div class=\"stk-block-content stk-inner-blocks stk-d1682c4-inner-blocks\">\n<div class=\"wp-block-stackable-text stk-block-text stk-block stk-f65c3fd\" data-block-id=\"f65c3fd\"><style>.stk-f65c3fd .stk-block-text__text{font-size:22px !important;color:#000000 !important;font-weight:600 !important;}@media screen and (max-width: 1023px){.stk-f65c3fd .stk-block-text__text{font-size:22px !important;}}<\/style><p class=\"stk-block-text__text has-text-color has-text-align-center-tablet\">Lis\u00e4\u00e4 ja kehitt\u00e4\u00e4 yhteisty\u00f6t\u00e4 sek\u00e4 verkostoitumista alan toimijoiden kesken.<\/p><\/div>\n<\/div><\/div><\/div>\n<\/div><\/div>\n<\/div><\/div><\/div>\n<\/div><\/div>\n<\/div>\n\n\n\n<div class=\"wp-block-group alignfull has-black-background-color has-background has-global-padding is-layout-constrained wp-block-group-is-layout-constrained\" style=\"padding-top:var(--wp--preset--spacing--80);padding-bottom:var(--wp--preset--spacing--80);background-image:url(&apos;https:\/\/devicethings.fi\/oulu-ry\/wp-content\/uploads\/2025\/11\/Devices-Things-Oulu-ry-bgimage-04.jpg&apos;);background-size:cover;\">\n<div class=\"wp-block-stackable-columns alignwide stk-block-columns stk-block stk-c9aca33\" data-block-id=\"c9aca33\"><style>.stk-c9aca33 {margin-bottom:0px !important;}.stk-c9aca33-column{--stk-column-gap:100px !important;row-gap:120px !important;}<\/style><div class=\"stk-row stk-inner-blocks stk-block-content stk-content-align stk-c9aca33-column alignwide\">\n<div class=\"wp-block-stackable-column stk-block-column stk-column stk-block stk-25b0409\" data-v=\"4\" data-block-id=\"25b0409\"><style>.stk-25b0409-container{margin-top:0px !important;margin-right:0px !important;margin-bottom:0px !important;margin-left:0px !important;}.stk-25b0409 {align-self:flex-start !important;}@media screen and (min-width: 768px){.stk-25b0409 {flex:var(--stk-flex-grow, 1) 1 calc(50% - var(--stk-column-gap, 0px) * 1 \/ 2 ) !important;}}@media screen and (min-width: 768px) and (max-width: 1023px){.stk-25b0409 {flex:var(--stk-flex-grow, 1) 1 calc(100% - var(--stk-column-gap, 0px) * 0 \/ 1 ) !important;}}<\/style><div class=\"stk-column-wrapper stk-block-column__content stk-container stk-25b0409-container stk--no-background stk--no-padding\"><div class=\"has-text-align-left stk-block-content stk-inner-blocks stk-25b0409-inner-blocks\">\n<h2 class=\"wp-block-heading has-accent-1-color has-text-color has-link-color wp-elements-016d2d6d845b451f896cc07361df7d5e\">Yhdistyksen tavoitteena on toiminnallaan yhdist\u00e4\u00e4 ICT-alan toimijoiden n\u00e4kemyksi\u00e4 sek\u00e4 rakentaa suotuisat olosuhteet alueen TKI-kehitykseen.<\/h2>\n\n\n\n<div class=\"wp-block-stackable-text stk-block-text stk-block stk-ed1e94d\" data-block-id=\"ed1e94d\"><style>.stk-ed1e94d {margin-bottom:35px !important;}.stk-ed1e94d .stk-block-text__text{font-size:20px !important;color:#fffffe !important;font-weight:600 !important;}@media screen and (max-width: 1023px){.stk-ed1e94d .stk-block-text__text{font-size:20px !important;}}<\/style><p class=\"stk-block-text__text has-text-color has-text-align-left-tablet has-text-align-left-mobile\">Tarkoitus on vaikuttaa paikallisesti, kansallisesti ja kansainv\u00e4lisesti alan kehitykseen verkostojen ja vaikuttavuusty\u00f6n avulla. Tavoitteena on my\u00f6s edist\u00e4\u00e4 uusien yhteisten hankkeiden ja kumppanuuksien syntymist\u00e4 sek\u00e4 n\u00e4ille suotuisan TKI-ymp\u00e4rist\u00f6n rakentamista.<br><br>Yhdistys jakaa tietoa ICT-alan mahdollisuuksista ja hy\u00f6dyist\u00e4 mm. tiedotus ja julkaisutoiminnan kautta. Lis\u00e4ksi yhdistys pyrkii j\u00e4rjest\u00e4m\u00e4\u00e4n alan tapahtumia sek\u00e4 yhteis\u00f6llist\u00e4 toimintaa kuten keskustelu- ja koulutustilaisuuksia.<br><br>Yhdistys toiminta on sen tarkoitustaan edist\u00e4v\u00e4\u00e4 ja voittoa tavoittelematonta. Yhdistyksen j\u00e4seneksi voidaan kutsua yrityksi\u00e4, yhteis\u00f6j\u00e4 tai henkil\u00f6it\u00e4 yhdistyksen hallituksen p\u00e4\u00e4t\u00f6ksell\u00e4. J\u00e4senilt\u00e4 ei t\u00e4ll\u00e4 hetkell\u00e4 perit\u00e4 liittymis- tai j\u00e4senmaksua.<\/p><\/div>\n\n\n\n<div class=\"wp-block-group has-accent-1-background-color has-background has-global-padding is-layout-constrained wp-container-core-group-is-layout-80fb368b wp-block-group-is-layout-constrained\" style=\"border-radius:10px;padding-top:var(--wp--preset--spacing--30);padding-right:var(--wp--preset--spacing--30);padding-bottom:var(--wp--preset--spacing--30);padding-left:var(--wp--preset--spacing--30)\">\n<h4 class=\"wp-block-heading has-black-color has-text-color has-link-color wp-elements-9e85d58bf4aa34388d09e8601308cea8\" style=\"margin-top:0\">Yhdistyksen perustiedot<\/h4>\n\n\n\n<p class=\"has-black-color has-text-color has-link-color wp-elements-d248f50dda6c3c648f181c6ce2cd4e08\"><strong>Nimi:<\/strong> Devices and Things Oulu ry<br><strong>Kotipaikka:<\/strong> Oulu<br><strong>Y-tunnus:<\/strong> 3558436-8<\/p>\n<\/div>\n<\/div><\/div><\/div>\n\n\n\n<div class=\"wp-block-stackable-column stk-block-column stk-column stk-block stk-3afb602\" data-v=\"4\" data-block-id=\"3afb602\"><style>.stk-3afb602-container{margin-top:0px !important;margin-right:0px !important;margin-bottom:0px !important;margin-left:0px !important;}@media screen and (min-width: 768px){.stk-3afb602 {flex:var(--stk-flex-grow, 1) 1 calc(50% - var(--stk-column-gap, 0px) * 1 \/ 2 ) !important;}}@media screen and (min-width: 768px) and (max-width: 1023px){.stk-3afb602 {flex:var(--stk-flex-grow, 1) 1 calc(100% - var(--stk-column-gap, 0px) * 0 \/ 1 ) !important;}}<\/style><div class=\"stk-column-wrapper stk-block-column__content stk-container stk-3afb602-container stk--no-background stk--no-padding\"><div class=\"stk-block-content stk-inner-blocks stk-3afb602-inner-blocks\">\n<div class=\"wp-block-cover\" style=\"border-radius:10px;min-height:915px;aspect-ratio:unset;\"><img loading=\"lazy\" decoding=\"async\" width=\"1024\" height=\"683\" class=\"wp-block-cover__image-background wp-image-24 size-large\" alt=\"\" src=\"https:\/\/devicethings.fi\/oulu-ry\/wp-content\/uploads\/2025\/11\/2023-11_UniOulu_ITEE-CWC-RT_014-1024x683.jpg\" data-object-fit=\"cover\" srcset=\"https:\/\/devicethings.fi\/oulu-ry\/wp-content\/uploads\/2025\/11\/2023-11_UniOulu_ITEE-CWC-RT_014-1024x683.jpg 1024w, https:\/\/devicethings.fi\/oulu-ry\/wp-content\/uploads\/2025\/11\/2023-11_UniOulu_ITEE-CWC-RT_014-300x200.jpg 300w, https:\/\/devicethings.fi\/oulu-ry\/wp-content\/uploads\/2025\/11\/2023-11_UniOulu_ITEE-CWC-RT_014-768x512.jpg 768w, https:\/\/devicethings.fi\/oulu-ry\/wp-content\/uploads\/2025\/11\/2023-11_UniOulu_ITEE-CWC-RT_014-1536x1024.jpg 1536w, https:\/\/devicethings.fi\/oulu-ry\/wp-content\/uploads\/2025\/11\/2023-11_UniOulu_ITEE-CWC-RT_014.jpg 1620w\" sizes=\"auto, (max-width: 1024px) 100vw, 1024px\" \/><span aria-hidden=\"true\" class=\"wp-block-cover__background has-background-dim-0 has-background-dim\"><\/span><div class=\"wp-block-cover__inner-container has-global-padding is-layout-constrained wp-container-core-cover-is-layout-19e250f3 wp-block-cover-is-layout-constrained\">\n<p class=\"has-text-align-center has-large-font-size\"><\/p>\n<\/div><\/div>\n<\/div><\/div><\/div>\n<\/div><\/div>\n<\/div>\n","protected":false},"excerpt":{"rendered":"<p>Devices and Things Oulu ry Edist\u00e4\u00e4 mikroelektroniikan ja ICT-alan tutkimus- ja tuotekehitysedellytyksi\u00e4 Oulun alueella ja kansallisesti. Tukee alueen toimijoiden yhteisi\u00e4 hankkeita. Lis\u00e4\u00e4 ja kehitt\u00e4\u00e4 yhteisty\u00f6t\u00e4 sek\u00e4 verkostoitumista alan toimijoiden kesken. Yhdistyksen tavoitteena on toiminnallaan yhdist\u00e4\u00e4 ICT-alan toimijoiden n\u00e4kemyksi\u00e4 sek\u00e4 rakentaa suotuisat olosuhteet alueen TKI-kehitykseen. Tarkoitus on vaikuttaa paikallisesti, kansallisesti ja kansainv\u00e4lisesti alan kehitykseen verkostojen ja [&hellip;]<\/p>\n","protected":false},"author":1,"featured_media":142,"parent":0,"menu_order":0,"comment_status":"closed","ping_status":"closed","template":"","meta":{"inline_featured_image":false,"footnotes":""},"class_list":["post-9","page","type-page","status-publish","has-post-thumbnail","hentry"],"_links":{"self":[{"href":"https:\/\/devicethings.fi\/oulu-ry\/wp-json\/wp\/v2\/pages\/9","targetHints":{"allow":["GET"]}}],"collection":[{"href":"https:\/\/devicethings.fi\/oulu-ry\/wp-json\/wp\/v2\/pages"}],"about":[{"href":"https:\/\/devicethings.fi\/oulu-ry\/wp-json\/wp\/v2\/types\/page"}],"author":[{"embeddable":true,"href":"https:\/\/devicethings.fi\/oulu-ry\/wp-json\/wp\/v2\/users\/1"}],"replies":[{"embeddable":true,"href":"https:\/\/devicethings.fi\/oulu-ry\/wp-json\/wp\/v2\/comments?post=9"}],"version-history":[{"count":21,"href":"https:\/\/devicethings.fi\/oulu-ry\/wp-json\/wp\/v2\/pages\/9\/revisions"}],"predecessor-version":[{"id":209,"href":"https:\/\/devicethings.fi\/oulu-ry\/wp-json\/wp\/v2\/pages\/9\/revisions\/209"}],"wp:featuredmedia":[{"embeddable":true,"href":"https:\/\/devicethings.fi\/oulu-ry\/wp-json\/wp\/v2\/media\/142"}],"wp:attachment":[{"href":"https:\/\/devicethings.fi\/oulu-ry\/wp-json\/wp\/v2\/media?parent=9"}],"curies":[{"name":"wp","href":"https:\/\/api.w.org\/{rel}","templated":true}]}}